{"id":6890,"date":"2021-02-01T17:24:42","date_gmt":"2021-02-01T17:24:42","guid":{"rendered":"https:\/\/toquemood.com\/filosofia\/"},"modified":"2021-11-17T08:56:57","modified_gmt":"2021-11-17T08:56:57","slug":"filosofia","status":"publish","type":"page","link":"https:\/\/toquemood.com\/es\/filosofia\/","title":{"rendered":"Filosof\u00eda"},"content":{"rendered":"\t\t<div data-elementor-type=\"wp-page\" data-elementor-id=\"6890\" class=\"elementor elementor-6890 elementor-5605\">\n\t\t\t\t\t\t\t\t\t<section class=\"elementor-section elementor-top-section elementor-element elementor-element-8d8fc5a elementor-section-full_width elementor-section-height-default elementor-section-height-default\" data-id=\"8d8fc5a\" data-element_type=\"section\">\n\t\t\t\t\t\t<div class=\"elementor-container elementor-column-gap-default\">\n\t\t\t\t\t<div class=\"elementor-column elementor-col-50 elementor-top-column elementor-element elementor-element-99f6f6a\" data-id=\"99f6f6a\" data-element_type=\"column\" data-settings=\"{&quot;background_background&quot;:&quot;classic&quot;}\">\n\t\t\t<div class=\"elementor-widget-wrap elementor-element-populated\">\n\t\t\t\t\t\t\t\t<div class=\"elementor-element elementor-element-b16ec22 elementor-widget elementor-widget-text-editor\" data-id=\"b16ec22\" data-element_type=\"widget\" data-widget_type=\"text-editor.default\">\n\t\t\t\t<div class=\"elementor-widget-container\">\n\t\t\t\t\t\t\t<p>Toque Mood es el fruto del trabajo de profesionales con d\u00e9cadas de experiencia en el dise\u00f1o y producci\u00f3n de l\u00e1mparas para exteriores y interiores.<br \/>\nGracias a esta capacidad y experiencia, Codiceicona ha decidido crear una nueva marca para representar esta colecci\u00f3n de l\u00e1mparas inal\u00e1mbricas, recargables y dirigidas a un mercado cada vez m\u00e1s atento a la sostenibilidad y al confort.<br \/>\nDe la mano del dise\u00f1ador Roberto Fiorato, nace la idea de una l\u00ednea con muchas posibilidades y absolutamente original donde, alrededor del \u00fanico n\u00facleo que genera luz, cobran vida infinitas ideas de utilizaci\u00f3n.<\/p>\n\t\t\t\t\t\t<\/div>\n\t\t\t\t<\/div>\n\t\t\t\t\t<\/div>\n\t\t<\/div>\n\t\t\t\t<div class=\"elementor-column elementor-col-50 elementor-top-column elementor-element elementor-element-3dc6585\" data-id=\"3dc6585\" data-element_type=\"column\" data-settings=\"{&quot;background_background&quot;:&quot;classic&quot;}\">\n\t\t\t<div class=\"elementor-widget-wrap elementor-element-populated\">\n\t\t\t\t\t\t\t\t<div class=\"elementor-element elementor-element-f53200d elementor-widget elementor-widget-image\" data-id=\"f53200d\" data-element_type=\"widget\" data-widget_type=\"image.default\">\n\t\t\t\t<div class=\"elementor-widget-container\">\n\t\t\t\t\t\t\t\t\t\t\t\t\t\t\t<img width=\"794\" height=\"864\" src=\"https:\/\/toquemood.com\/wp-content\/uploads\/2021\/01\/toquemood-lampade-ricaricabili-schizzi-designer.jpg\" class=\"attachment-full size-full wp-image-6299\" alt=\"\" srcset=\"https:\/\/toquemood.com\/wp-content\/uploads\/2021\/01\/toquemood-lampade-ricaricabili-schizzi-designer.jpg 794w, https:\/\/toquemood.com\/wp-content\/uploads\/2021\/01\/toquemood-lampade-ricaricabili-schizzi-designer-276x300.jpg 276w, https:\/\/toquemood.com\/wp-content\/uploads\/2021\/01\/toquemood-lampade-ricaricabili-schizzi-designer-768x836.jpg 768w, https:\/\/toquemood.com\/wp-content\/uploads\/2021\/01\/toquemood-lampade-ricaricabili-schizzi-designer-3x4.jpg 3w, https:\/\/toquemood.com\/wp-content\/uploads\/2021\/01\/toquemood-lampade-ricaricabili-schizzi-designer-10x10.jpg 10w, https:\/\/toquemood.com\/wp-content\/uploads\/2021\/01\/toquemood-lampade-ricaricabili-schizzi-designer-600x653.jpg 600w\" sizes=\"(max-width: 794px) 100vw, 794px\" \/>\t\t\t\t\t\t\t\t\t\t\t\t\t\t\t<\/div>\n\t\t\t\t<\/div>\n\t\t\t\t\t<\/div>\n\t\t<\/div>\n\t\t\t\t\t\t\t<\/div>\n\t\t<\/section>\n\t\t\t\t\t\t\t<\/div>\n\t\t","protected":false},"excerpt":{"rendered":"<p>Toque Mood es el fruto del trabajo de profesionales con d\u00e9cadas de experiencia en el dise\u00f1o y producci\u00f3n de l\u00e1mparas para exteriores y interiores. Gracias a esta capacidad y experiencia, Codiceicona ha decidido crear una nueva marca para representar esta colecci\u00f3n de l\u00e1mparas inal\u00e1mbricas, recargables y dirigidas a un mercado cada vez m\u00e1s atento a la sostenibilidad y al confort. De la mano del dise\u00f1ador Roberto Fiorato, nace la idea de una l\u00ednea con muchas posibilidades y absolutamente original donde, alrededor del \u00fanico n\u00facleo que genera luz, cobran vida infinitas ideas de utilizaci\u00f3n.<\/p>\n","protected":false},"author":1,"featured_media":0,"parent":0,"menu_order":0,"comment_status":"closed","ping_status":"closed","template":"elementor_header_footer","meta":[],"yoast_head":"<!-- This site is optimized with the Yoast SEO plugin v20.4 - https:\/\/yoast.com\/wordpress\/plugins\/seo\/ -->\n<title>Filosof\u00eda - Toque Mood<\/title>\n<meta name=\"robots\" content=\"index, follow, max-snippet:-1, max-image-preview:large, max-video-preview:-1\" \/>\n<link rel=\"canonical\" href=\"https:\/\/toquemood.com\/es\/filosofia\/\" \/>\n<meta property=\"og:locale\" content=\"es_ES\" \/>\n<meta property=\"og:type\" content=\"article\" \/>\n<meta property=\"og:title\" content=\"Filosof\u00eda - Toque Mood\" \/>\n<meta property=\"og:description\" content=\"Toque Mood es el fruto del trabajo de profesionales con d\u00e9cadas de experiencia en el dise\u00f1o y producci\u00f3n de l\u00e1mparas para exteriores y interiores. Gracias a esta capacidad y experiencia, Codiceicona ha decidido crear una nueva marca para representar esta colecci\u00f3n de l\u00e1mparas inal\u00e1mbricas, recargables y dirigidas a un mercado cada vez m\u00e1s atento a la sostenibilidad y al confort. De la mano del dise\u00f1ador Roberto Fiorato, nace la idea de una l\u00ednea con muchas posibilidades y absolutamente original donde, alrededor del \u00fanico n\u00facleo que genera luz, cobran vida infinitas ideas de utilizaci\u00f3n.\" \/>\n<meta property=\"og:url\" content=\"https:\/\/toquemood.com\/es\/filosofia\/\" \/>\n<meta property=\"og:site_name\" content=\"Toque Mood\" \/>\n<meta property=\"article:modified_time\" content=\"2021-11-17T08:56:57+00:00\" \/>\n<meta property=\"og:image\" content=\"https:\/\/toquemood.com\/wp-content\/uploads\/2021\/01\/toquemood-lampade-ricaricabili-schizzi-designer.jpg\" \/>\n<meta name=\"twitter:card\" content=\"summary_large_image\" \/>\n<meta name=\"twitter:label1\" content=\"Tiempo de lectura\" \/>\n\t<meta name=\"twitter:data1\" content=\"1 minuto\" \/>\n<script type=\"application\/ld+json\" class=\"yoast-schema-graph\">{\"@context\":\"https:\/\/schema.org\",\"@graph\":[{\"@type\":\"WebPage\",\"@id\":\"https:\/\/toquemood.com\/es\/filosofia\/\",\"url\":\"https:\/\/toquemood.com\/es\/filosofia\/\",\"name\":\"Filosof\u00eda - Toque Mood\",\"isPartOf\":{\"@id\":\"https:\/\/toquemood.com\/#website\"},\"datePublished\":\"2021-02-01T17:24:42+00:00\",\"dateModified\":\"2021-11-17T08:56:57+00:00\",\"breadcrumb\":{\"@id\":\"https:\/\/toquemood.com\/es\/filosofia\/#breadcrumb\"},\"inLanguage\":\"es\",\"potentialAction\":[{\"@type\":\"ReadAction\",\"target\":[\"https:\/\/toquemood.com\/es\/filosofia\/\"]}]},{\"@type\":\"BreadcrumbList\",\"@id\":\"https:\/\/toquemood.com\/es\/filosofia\/#breadcrumb\",\"itemListElement\":[{\"@type\":\"ListItem\",\"position\":1,\"name\":\"Home\",\"item\":\"https:\/\/toquemood.com\/\"},{\"@type\":\"ListItem\",\"position\":2,\"name\":\"Filosof\u00eda\"}]},{\"@type\":\"WebSite\",\"@id\":\"https:\/\/toquemood.com\/#website\",\"url\":\"https:\/\/toquemood.com\/\",\"name\":\"Toque Mood\",\"description\":\"Lampade Ricaricabili Made in Italy\",\"potentialAction\":[{\"@type\":\"SearchAction\",\"target\":{\"@type\":\"EntryPoint\",\"urlTemplate\":\"https:\/\/toquemood.com\/?s={search_term_string}\"},\"query-input\":\"required name=search_term_string\"}],\"inLanguage\":\"es\"}]}<\/script>\n<!-- \/ Yoast SEO plugin. -->","yoast_head_json":{"title":"Filosof\u00eda - Toque Mood","robots":{"index":"index","follow":"follow","max-snippet":"max-snippet:-1","max-image-preview":"max-image-preview:large","max-video-preview":"max-video-preview:-1"},"canonical":"https:\/\/toquemood.com\/es\/filosofia\/","og_locale":"es_ES","og_type":"article","og_title":"Filosof\u00eda - Toque Mood","og_description":"Toque Mood es el fruto del trabajo de profesionales con d\u00e9cadas de experiencia en el dise\u00f1o y producci\u00f3n de l\u00e1mparas para exteriores y interiores. Gracias a esta capacidad y experiencia, Codiceicona ha decidido crear una nueva marca para representar esta colecci\u00f3n de l\u00e1mparas inal\u00e1mbricas, recargables y dirigidas a un mercado cada vez m\u00e1s atento a la sostenibilidad y al confort. De la mano del dise\u00f1ador Roberto Fiorato, nace la idea de una l\u00ednea con muchas posibilidades y absolutamente original donde, alrededor del \u00fanico n\u00facleo que genera luz, cobran vida infinitas ideas de utilizaci\u00f3n.","og_url":"https:\/\/toquemood.com\/es\/filosofia\/","og_site_name":"Toque Mood","article_modified_time":"2021-11-17T08:56:57+00:00","og_image":[{"url":"https:\/\/toquemood.com\/wp-content\/uploads\/2021\/01\/toquemood-lampade-ricaricabili-schizzi-designer.jpg"}],"twitter_card":"summary_large_image","twitter_misc":{"Tiempo de lectura":"1 minuto"},"schema":{"@context":"https:\/\/schema.org","@graph":[{"@type":"WebPage","@id":"https:\/\/toquemood.com\/es\/filosofia\/","url":"https:\/\/toquemood.com\/es\/filosofia\/","name":"Filosof\u00eda - Toque Mood","isPartOf":{"@id":"https:\/\/toquemood.com\/#website"},"datePublished":"2021-02-01T17:24:42+00:00","dateModified":"2021-11-17T08:56:57+00:00","breadcrumb":{"@id":"https:\/\/toquemood.com\/es\/filosofia\/#breadcrumb"},"inLanguage":"es","potentialAction":[{"@type":"ReadAction","target":["https:\/\/toquemood.com\/es\/filosofia\/"]}]},{"@type":"BreadcrumbList","@id":"https:\/\/toquemood.com\/es\/filosofia\/#breadcrumb","itemListElement":[{"@type":"ListItem","position":1,"name":"Home","item":"https:\/\/toquemood.com\/"},{"@type":"ListItem","position":2,"name":"Filosof\u00eda"}]},{"@type":"WebSite","@id":"https:\/\/toquemood.com\/#website","url":"https:\/\/toquemood.com\/","name":"Toque Mood","description":"Lampade Ricaricabili Made in Italy","potentialAction":[{"@type":"SearchAction","target":{"@type":"EntryPoint","urlTemplate":"https:\/\/toquemood.com\/?s={search_term_string}"},"query-input":"required name=search_term_string"}],"inLanguage":"es"}]}},"_links":{"self":[{"href":"https:\/\/toquemood.com\/es\/wp-json\/wp\/v2\/pages\/6890"}],"collection":[{"href":"https:\/\/toquemood.com\/es\/wp-json\/wp\/v2\/pages"}],"about":[{"href":"https:\/\/toquemood.com\/es\/wp-json\/wp\/v2\/types\/page"}],"author":[{"embeddable":true,"href":"https:\/\/toquemood.com\/es\/wp-json\/wp\/v2\/users\/1"}],"replies":[{"embeddable":true,"href":"https:\/\/toquemood.com\/es\/wp-json\/wp\/v2\/comments?post=6890"}],"version-history":[{"count":4,"href":"https:\/\/toquemood.com\/es\/wp-json\/wp\/v2\/pages\/6890\/revisions"}],"predecessor-version":[{"id":7533,"href":"https:\/\/toquemood.com\/es\/wp-json\/wp\/v2\/pages\/6890\/revisions\/7533"}],"wp:attachment":[{"href":"https:\/\/toquemood.com\/es\/wp-json\/wp\/v2\/media?parent=6890"}],"curies":[{"name":"wp","href":"https:\/\/api.w.org\/{rel}","templated":true}]}}