{"id":6934,"date":"2020-11-16T11:00:25","date_gmt":"2020-11-16T11:00:25","guid":{"rendered":"https:\/\/toquemood.com\/shop\/table-toque-floor\/"},"modified":"2021-09-24T15:28:40","modified_gmt":"2021-09-24T15:28:40","slug":"table-toque-floor","status":"publish","type":"product","link":"https:\/\/toquemood.com\/es\/shop\/table-toque-floor\/","title":{"rendered":"Table for Toque Floor"},"content":{"rendered":"\t\t<div data-elementor-type=\"wp-post\" data-elementor-id=\"6934\" class=\"elementor elementor-6934 elementor-4549\">\n\t\t\t\t\t\t\t\t\t<section class=\"elementor-section elementor-top-section elementor-element elementor-element-7f95ce5 elementor-section-boxed elementor-section-height-default elementor-section-height-default\" data-id=\"7f95ce5\" data-element_type=\"section\">\n\t\t\t\t\t\t<div class=\"elementor-container elementor-column-gap-default\">\n\t\t\t\t\t<div class=\"elementor-column elementor-col-100 elementor-top-column elementor-element elementor-element-5c74c4a\" data-id=\"5c74c4a\" data-element_type=\"column\">\n\t\t\t<div class=\"elementor-widget-wrap elementor-element-populated\">\n\t\t\t\t\t\t\t\t<div class=\"elementor-element elementor-element-795e22b elementor-widget elementor-widget-text-editor\" data-id=\"795e22b\" data-element_type=\"widget\" data-widget_type=\"text-editor.default\">\n\t\t\t\t<div class=\"elementor-widget-container\">\n\t\t\t\t\t\t\t<p>Mesita de apoyo, realizada en metal pintado, dise\u00f1ada para albergar la version de suelo que se compra por separado.<\/p>\n\t\t\t\t\t\t<\/div>\n\t\t\t\t<\/div>\n\t\t\t\t\t<\/div>\n\t\t<\/div>\n\t\t\t\t\t\t\t<\/div>\n\t\t<\/section>\n\t\t\t\t\t\t\t<\/div>\n\t\t","protected":false},"excerpt":{"rendered":"<p>Soluci\u00f3n ideal para tu jard\u00edn o para el borde de la piscina.<br \/>\nUna mesita de apoyo que, con su luz, ilumina y hace visibles incluso los rincones m\u00e1s impensados y menos aprovechados.<\/p>\n","protected":false},"featured_media":6613,"template":"","meta":[],"product_cat":[48,46],"product_tag":[],"etheme_brands":{"errors":{"invalid_taxonomy":["Taxonom\u00eda no v\u00e1lida."]},"error_data":[]},"yoast_head":"<!-- This site is optimized with the Yoast SEO plugin v20.4 - https:\/\/yoast.com\/wordpress\/plugins\/seo\/ -->\n<title>Table for Toque Floor - Toque Mood<\/title>\n<meta name=\"robots\" content=\"index, follow, max-snippet:-1, max-image-preview:large, max-video-preview:-1\" \/>\n<link rel=\"canonical\" href=\"https:\/\/toquemood.com\/es\/shop\/table-toque-floor\/\" \/>\n<meta property=\"og:locale\" content=\"es_ES\" \/>\n<meta property=\"og:type\" content=\"article\" \/>\n<meta property=\"og:title\" content=\"Table for Toque Floor - Toque Mood\" \/>\n<meta property=\"og:description\" content=\"Soluci\u00f3n ideal para tu jard\u00edn o para el borde de la piscina. Una mesita de apoyo que, con su luz, ilumina y hace visibles incluso los rincones m\u00e1s impensados y menos aprovechados.\" \/>\n<meta property=\"og:url\" content=\"https:\/\/toquemood.com\/es\/shop\/table-toque-floor\/\" \/>\n<meta property=\"og:site_name\" content=\"Toque Mood\" \/>\n<meta property=\"article:modified_time\" content=\"2021-09-24T15:28:40+00:00\" \/>\n<meta property=\"og:image\" content=\"https:\/\/toquemood.com\/wp-content\/uploads\/2020\/11\/toquemood-toque-floor-table-bianca-lampada-ricaricabile-led.jpg\" \/>\n\t<meta property=\"og:image:width\" content=\"1200\" \/>\n\t<meta property=\"og:image:height\" content=\"1200\" \/>\n\t<meta property=\"og:image:type\" content=\"image\/jpeg\" \/>\n<meta name=\"twitter:card\" content=\"summary_large_image\" \/>\n<script type=\"application\/ld+json\" class=\"yoast-schema-graph\">{\"@context\":\"https:\/\/schema.org\",\"@graph\":[{\"@type\":\"WebPage\",\"@id\":\"https:\/\/toquemood.com\/es\/shop\/table-toque-floor\/\",\"url\":\"https:\/\/toquemood.com\/es\/shop\/table-toque-floor\/\",\"name\":\"Table for Toque Floor - Toque Mood\",\"isPartOf\":{\"@id\":\"https:\/\/toquemood.com\/#website\"},\"datePublished\":\"2020-11-16T11:00:25+00:00\",\"dateModified\":\"2021-09-24T15:28:40+00:00\",\"breadcrumb\":{\"@id\":\"https:\/\/toquemood.com\/es\/shop\/table-toque-floor\/#breadcrumb\"},\"inLanguage\":\"es\",\"potentialAction\":[{\"@type\":\"ReadAction\",\"target\":[\"https:\/\/toquemood.com\/es\/shop\/table-toque-floor\/\"]}]},{\"@type\":\"BreadcrumbList\",\"@id\":\"https:\/\/toquemood.com\/es\/shop\/table-toque-floor\/#breadcrumb\",\"itemListElement\":[{\"@type\":\"ListItem\",\"position\":1,\"name\":\"Home\",\"item\":\"https:\/\/toquemood.com\/\"},{\"@type\":\"ListItem\",\"position\":2,\"name\":\"Shop\",\"item\":\"https:\/\/toquemood.com\/es\/shop\/\"},{\"@type\":\"ListItem\",\"position\":3,\"name\":\"Table for Toque Floor\"}]},{\"@type\":\"WebSite\",\"@id\":\"https:\/\/toquemood.com\/#website\",\"url\":\"https:\/\/toquemood.com\/\",\"name\":\"Toque Mood\",\"description\":\"Lampade Ricaricabili Made in Italy\",\"potentialAction\":[{\"@type\":\"SearchAction\",\"target\":{\"@type\":\"EntryPoint\",\"urlTemplate\":\"https:\/\/toquemood.com\/?s={search_term_string}\"},\"query-input\":\"required name=search_term_string\"}],\"inLanguage\":\"es\"}]}<\/script>\n<!-- \/ Yoast SEO plugin. -->","yoast_head_json":{"title":"Table for Toque Floor - Toque Mood","robots":{"index":"index","follow":"follow","max-snippet":"max-snippet:-1","max-image-preview":"max-image-preview:large","max-video-preview":"max-video-preview:-1"},"canonical":"https:\/\/toquemood.com\/es\/shop\/table-toque-floor\/","og_locale":"es_ES","og_type":"article","og_title":"Table for Toque Floor - Toque Mood","og_description":"Soluci\u00f3n ideal para tu jard\u00edn o para el borde de la piscina. Una mesita de apoyo que, con su luz, ilumina y hace visibles incluso los rincones m\u00e1s impensados y menos aprovechados.","og_url":"https:\/\/toquemood.com\/es\/shop\/table-toque-floor\/","og_site_name":"Toque Mood","article_modified_time":"2021-09-24T15:28:40+00:00","og_image":[{"width":1200,"height":1200,"url":"https:\/\/toquemood.com\/wp-content\/uploads\/2020\/11\/toquemood-toque-floor-table-bianca-lampada-ricaricabile-led.jpg","type":"image\/jpeg"}],"twitter_card":"summary_large_image","schema":{"@context":"https:\/\/schema.org","@graph":[{"@type":"WebPage","@id":"https:\/\/toquemood.com\/es\/shop\/table-toque-floor\/","url":"https:\/\/toquemood.com\/es\/shop\/table-toque-floor\/","name":"Table for Toque Floor - Toque Mood","isPartOf":{"@id":"https:\/\/toquemood.com\/#website"},"datePublished":"2020-11-16T11:00:25+00:00","dateModified":"2021-09-24T15:28:40+00:00","breadcrumb":{"@id":"https:\/\/toquemood.com\/es\/shop\/table-toque-floor\/#breadcrumb"},"inLanguage":"es","potentialAction":[{"@type":"ReadAction","target":["https:\/\/toquemood.com\/es\/shop\/table-toque-floor\/"]}]},{"@type":"BreadcrumbList","@id":"https:\/\/toquemood.com\/es\/shop\/table-toque-floor\/#breadcrumb","itemListElement":[{"@type":"ListItem","position":1,"name":"Home","item":"https:\/\/toquemood.com\/"},{"@type":"ListItem","position":2,"name":"Shop","item":"https:\/\/toquemood.com\/es\/shop\/"},{"@type":"ListItem","position":3,"name":"Table for Toque Floor"}]},{"@type":"WebSite","@id":"https:\/\/toquemood.com\/#website","url":"https:\/\/toquemood.com\/","name":"Toque Mood","description":"Lampade Ricaricabili Made in Italy","potentialAction":[{"@type":"SearchAction","target":{"@type":"EntryPoint","urlTemplate":"https:\/\/toquemood.com\/?s={search_term_string}"},"query-input":"required name=search_term_string"}],"inLanguage":"es"}]}},"_links":{"self":[{"href":"https:\/\/toquemood.com\/es\/wp-json\/wp\/v2\/product\/6934"}],"collection":[{"href":"https:\/\/toquemood.com\/es\/wp-json\/wp\/v2\/product"}],"about":[{"href":"https:\/\/toquemood.com\/es\/wp-json\/wp\/v2\/types\/product"}],"version-history":[{"count":3,"href":"https:\/\/toquemood.com\/es\/wp-json\/wp\/v2\/product\/6934\/revisions"}],"predecessor-version":[{"id":7259,"href":"https:\/\/toquemood.com\/es\/wp-json\/wp\/v2\/product\/6934\/revisions\/7259"}],"wp:featuredmedia":[{"embeddable":true,"href":"https:\/\/toquemood.com\/es\/wp-json\/wp\/v2\/media\/6613"}],"wp:attachment":[{"href":"https:\/\/toquemood.com\/es\/wp-json\/wp\/v2\/media?parent=6934"}],"wp:term":[{"taxonomy":"product_cat","embeddable":true,"href":"https:\/\/toquemood.com\/es\/wp-json\/wp\/v2\/product_cat?post=6934"},{"taxonomy":"product_tag","embeddable":true,"href":"https:\/\/toquemood.com\/es\/wp-json\/wp\/v2\/product_tag?post=6934"}],"curies":[{"name":"wp","href":"https:\/\/api.w.org\/{rel}","templated":true}]}}